{"id":1157,"date":"2023-02-25T22:34:06","date_gmt":"2023-02-25T21:34:06","guid":{"rendered":"https:\/\/www.casetasmodulares.es\/blog\/?page_id=1157"},"modified":"2025-06-27T18:49:21","modified_gmt":"2025-06-27T16:49:21","slug":"empresa","status":"publish","type":"page","link":"https:\/\/www.casetasmodulares.es\/blog\/?page_id=1157","title":{"rendered":"EMPRESA"},"content":{"rendered":"\n<p><strong>BAUTRONIC IMPORTACIONES Y SERVICIOS S.L. CIF B72532310<\/strong><\/p>\n\n\n\n<p>SOBRE NOSOTROS<\/p>\n\n\n\n<p>En GRUPO BAIMSE , investigamos, fabricamos y comercializamos maquinaria agr\u00edcola para cultivos protegidos, invernaderos, mallas, adem\u00e1s de ofrecer las mejores soluciones pr\u00e1cticas con productos manuales para optimizar los trabajos cotidianos en la agricultura intensiva.<\/p>\n\n\n\n<p>La evoluci\u00f3n crece junto con el agricultor, escuchando y estudiando las necesidades del mismo en los campos de cultivo.<\/p>\n\n\n\n<p>El equipo de trabajo est\u00e1 totalmente inmerso en todos y cada uno de los procesos productivos y evolutivos, ofreciendo lo mejor de cada uno.<\/p>\n\n\n\n<h3 class=\"wp-block-heading\">MISI\u00d3N<\/h3>\n\n\n\n<p>Ser una empresa cualificada, rentable y socialmente responsable con todo su personal, fabricando productos de alta calidad superando las expectativas de nuestros clientes.<\/p>\n\n\n\n<h3 class=\"wp-block-heading\">VISI\u00d3N<\/h3>\n\n\n\n<p>Utilizar todo el conocimiento adquirido en estos 40 a\u00f1os de trayectoria y formar parte de la evoluci\u00f3n en la agricultura protegida a nivel internacional de forma que el crecimiento sea progresivo y altamente productivo.<\/p>\n","protected":false},"excerpt":{"rendered":"<p>BAUTRONIC IMPORTACIONES Y SERVICIOS S.L. CIF B72532310 SOBRE NOSOTROS En GRUPO BAIMSE , investigamos, fabricamos y comercializamos maquinaria agr\u00edcola para cultivos protegidos, invernaderos, mallas, adem\u00e1s de ofrecer las mejores soluciones pr\u00e1cticas con productos manuales para optimizar los trabajos cotidianos en la agricultura intensiva. La evoluci\u00f3n crece junto con el agricultor, escuchando y estudiando las necesidades [&hellip;]<\/p>\n","protected":false},"author":1,"featured_media":0,"parent":0,"menu_order":0,"comment_status":"closed","ping_status":"closed","template":"","meta":{"ocean_post_layout":"","ocean_both_sidebars_style":"","ocean_both_sidebars_content_width":0,"ocean_both_sidebars_sidebars_width":0,"ocean_sidebar":"0","ocean_second_sidebar":"0","ocean_disable_margins":"enable","ocean_add_body_class":"","ocean_shortcode_before_top_bar":"","ocean_shortcode_after_top_bar":"","ocean_shortcode_before_header":"","ocean_shortcode_after_header":"","ocean_has_shortcode":"","ocean_shortcode_after_title":"","ocean_shortcode_before_footer_widgets":"","ocean_shortcode_after_footer_widgets":"","ocean_shortcode_before_footer_bottom":"","ocean_shortcode_after_footer_bottom":"","ocean_display_top_bar":"default","ocean_display_header":"default","ocean_header_style":"","ocean_center_header_left_menu":"0","ocean_custom_header_template":"0","ocean_custom_logo":0,"ocean_custom_retina_logo":0,"ocean_custom_logo_max_width":0,"ocean_custom_logo_tablet_max_width":0,"ocean_custom_logo_mobile_max_width":0,"ocean_custom_logo_max_height":0,"ocean_custom_logo_tablet_max_height":0,"ocean_custom_logo_mobile_max_height":0,"ocean_header_custom_menu":"0","ocean_menu_typo_font_family":"0","ocean_menu_typo_font_subset":"","ocean_menu_typo_font_size":0,"ocean_menu_typo_font_size_tablet":0,"ocean_menu_typo_font_size_mobile":0,"ocean_menu_typo_font_size_unit":"px","ocean_menu_typo_font_weight":"","ocean_menu_typo_font_weight_tablet":"","ocean_menu_typo_font_weight_mobile":"","ocean_menu_typo_transform":"","ocean_menu_typo_transform_tablet":"","ocean_menu_typo_transform_mobile":"","ocean_menu_typo_line_height":0,"ocean_menu_typo_line_height_tablet":0,"ocean_menu_typo_line_height_mobile":0,"ocean_menu_typo_line_height_unit":"","ocean_menu_typo_spacing":0,"ocean_menu_typo_spacing_tablet":0,"ocean_menu_typo_spacing_mobile":0,"ocean_menu_typo_spacing_unit":"","ocean_menu_link_color":"","ocean_menu_link_color_hover":"","ocean_menu_link_color_active":"","ocean_menu_link_background":"","ocean_menu_link_hover_background":"","ocean_menu_link_active_background":"","ocean_menu_social_links_bg":"","ocean_menu_social_hover_links_bg":"","ocean_menu_social_links_color":"","ocean_menu_social_hover_links_color":"","ocean_disable_title":"default","ocean_disable_heading":"default","ocean_post_title":"","ocean_post_subheading":"","ocean_post_title_style":"","ocean_post_title_background_color":"","ocean_post_title_background":0,"ocean_post_title_bg_image_position":"","ocean_post_title_bg_image_attachment":"","ocean_post_title_bg_image_repeat":"","ocean_post_title_bg_image_size":"","ocean_post_title_height":0,"ocean_post_title_bg_overlay":0.5,"ocean_post_title_bg_overlay_color":"","ocean_disable_breadcrumbs":"default","ocean_breadcrumbs_color":"","ocean_breadcrumbs_separator_color":"","ocean_breadcrumbs_links_color":"","ocean_breadcrumbs_links_hover_color":"","ocean_display_footer_widgets":"default","ocean_display_footer_bottom":"default","ocean_custom_footer_template":"0","footnotes":""},"class_list":["post-1157","page","type-page","status-publish","hentry","entry","owp-thumbs-layout-horizontal","owp-btn-normal","owp-tabs-layout-horizontal","has-no-thumbnails","has-product-nav"],"yoast_head":"<!-- This site is optimized with the Yoast SEO plugin v26.8 - https:\/\/yoast.com\/product\/yoast-seo-wordpress\/ -->\n<title>EMPRESA - CASETAS MODULARES PLEGABLES<\/title>\n<meta name=\"robots\" content=\"noindex, follow\" \/>\n<meta property=\"og:locale\" content=\"es_ES\" \/>\n<meta property=\"og:type\" content=\"article\" \/>\n<meta property=\"og:title\" content=\"EMPRESA - CASETAS MODULARES PLEGABLES\" \/>\n<meta property=\"og:description\" content=\"BAUTRONIC IMPORTACIONES Y SERVICIOS S.L. CIF B72532310 SOBRE NOSOTROS En GRUPO BAIMSE , investigamos, fabricamos y comercializamos maquinaria agr\u00edcola para cultivos protegidos, invernaderos, mallas, adem\u00e1s de ofrecer las mejores soluciones pr\u00e1cticas con productos manuales para optimizar los trabajos cotidianos en la agricultura intensiva. La evoluci\u00f3n crece junto con el agricultor, escuchando y estudiando las necesidades [&hellip;]\" \/>\n<meta property=\"og:url\" content=\"https:\/\/www.casetasmodulares.es\/blog\/?page_id=1157\" \/>\n<meta property=\"og:site_name\" content=\"CASETAS MODULARES PLEGABLES\" \/>\n<meta property=\"article:modified_time\" content=\"2025-06-27T16:49:21+00:00\" \/>\n<meta name=\"twitter:card\" content=\"summary_large_image\" \/>\n<meta name=\"twitter:label1\" content=\"Tiempo de lectura\" \/>\n\t<meta name=\"twitter:data1\" content=\"1 minuto\" \/>\n<script type=\"application\/ld+json\" class=\"yoast-schema-graph\">{\"@context\":\"https:\/\/schema.org\",\"@graph\":[{\"@type\":\"WebPage\",\"@id\":\"https:\/\/www.casetasmodulares.es\/blog\/?page_id=1157\",\"url\":\"https:\/\/www.casetasmodulares.es\/blog\/?page_id=1157\",\"name\":\"EMPRESA - CASETAS MODULARES PLEGABLES\",\"isPartOf\":{\"@id\":\"https:\/\/www.casetasmodulares.es\/blog\/#website\"},\"datePublished\":\"2023-02-25T21:34:06+00:00\",\"dateModified\":\"2025-06-27T16:49:21+00:00\",\"breadcrumb\":{\"@id\":\"https:\/\/www.casetasmodulares.es\/blog\/?page_id=1157#breadcrumb\"},\"inLanguage\":\"es\",\"potentialAction\":[{\"@type\":\"ReadAction\",\"target\":[\"https:\/\/www.casetasmodulares.es\/blog\/?page_id=1157\"]}]},{\"@type\":\"BreadcrumbList\",\"@id\":\"https:\/\/www.casetasmodulares.es\/blog\/?page_id=1157#breadcrumb\",\"itemListElement\":[{\"@type\":\"ListItem\",\"position\":1,\"name\":\"Portada\",\"item\":\"https:\/\/www.casetasmodulares.es\/blog\/\"},{\"@type\":\"ListItem\",\"position\":2,\"name\":\"EMPRESA\"}]},{\"@type\":\"WebSite\",\"@id\":\"https:\/\/www.casetasmodulares.es\/blog\/#website\",\"url\":\"https:\/\/www.casetasmodulares.es\/blog\/\",\"name\":\"CASETAS MODULARES PLEGABLES\",\"description\":\"CASETAS DE OBRA PLEGABLES\",\"publisher\":{\"@id\":\"https:\/\/www.casetasmodulares.es\/blog\/#organization\"},\"potentialAction\":[{\"@type\":\"SearchAction\",\"target\":{\"@type\":\"EntryPoint\",\"urlTemplate\":\"https:\/\/www.casetasmodulares.es\/blog\/?s={search_term_string}\"},\"query-input\":{\"@type\":\"PropertyValueSpecification\",\"valueRequired\":true,\"valueName\":\"search_term_string\"}}],\"inLanguage\":\"es\"},{\"@type\":\"Organization\",\"@id\":\"https:\/\/www.casetasmodulares.es\/blog\/#organization\",\"name\":\"CASETAS MODULARES PLEGABLES\",\"url\":\"https:\/\/www.casetasmodulares.es\/blog\/\",\"logo\":{\"@type\":\"ImageObject\",\"inLanguage\":\"es\",\"@id\":\"https:\/\/www.casetasmodulares.es\/blog\/#\/schema\/logo\/image\/\",\"url\":\"https:\/\/www.casetasmodulares.es\/blog\/wp-content\/uploads\/2022\/06\/cropped-1169557a-81a1-41c5-ab9f-3d0ce0dba575.jpg\",\"contentUrl\":\"https:\/\/www.casetasmodulares.es\/blog\/wp-content\/uploads\/2022\/06\/cropped-1169557a-81a1-41c5-ab9f-3d0ce0dba575.jpg\",\"width\":512,\"height\":512,\"caption\":\"CASETAS MODULARES PLEGABLES\"},\"image\":{\"@id\":\"https:\/\/www.casetasmodulares.es\/blog\/#\/schema\/logo\/image\/\"}}]}<\/script>\n<!-- \/ Yoast SEO plugin. -->","yoast_head_json":{"title":"EMPRESA - CASETAS MODULARES PLEGABLES","robots":{"index":"noindex","follow":"follow"},"og_locale":"es_ES","og_type":"article","og_title":"EMPRESA - CASETAS MODULARES PLEGABLES","og_description":"BAUTRONIC IMPORTACIONES Y SERVICIOS S.L. CIF B72532310 SOBRE NOSOTROS En GRUPO BAIMSE , investigamos, fabricamos y comercializamos maquinaria agr\u00edcola para cultivos protegidos, invernaderos, mallas, adem\u00e1s de ofrecer las mejores soluciones pr\u00e1cticas con productos manuales para optimizar los trabajos cotidianos en la agricultura intensiva. La evoluci\u00f3n crece junto con el agricultor, escuchando y estudiando las necesidades [&hellip;]","og_url":"https:\/\/www.casetasmodulares.es\/blog\/?page_id=1157","og_site_name":"CASETAS MODULARES PLEGABLES","article_modified_time":"2025-06-27T16:49:21+00:00","twitter_card":"summary_large_image","twitter_misc":{"Tiempo de lectura":"1 minuto"},"schema":{"@context":"https:\/\/schema.org","@graph":[{"@type":"WebPage","@id":"https:\/\/www.casetasmodulares.es\/blog\/?page_id=1157","url":"https:\/\/www.casetasmodulares.es\/blog\/?page_id=1157","name":"EMPRESA - CASETAS MODULARES PLEGABLES","isPartOf":{"@id":"https:\/\/www.casetasmodulares.es\/blog\/#website"},"datePublished":"2023-02-25T21:34:06+00:00","dateModified":"2025-06-27T16:49:21+00:00","breadcrumb":{"@id":"https:\/\/www.casetasmodulares.es\/blog\/?page_id=1157#breadcrumb"},"inLanguage":"es","potentialAction":[{"@type":"ReadAction","target":["https:\/\/www.casetasmodulares.es\/blog\/?page_id=1157"]}]},{"@type":"BreadcrumbList","@id":"https:\/\/www.casetasmodulares.es\/blog\/?page_id=1157#breadcrumb","itemListElement":[{"@type":"ListItem","position":1,"name":"Portada","item":"https:\/\/www.casetasmodulares.es\/blog\/"},{"@type":"ListItem","position":2,"name":"EMPRESA"}]},{"@type":"WebSite","@id":"https:\/\/www.casetasmodulares.es\/blog\/#website","url":"https:\/\/www.casetasmodulares.es\/blog\/","name":"CASETAS MODULARES PLEGABLES","description":"CASETAS DE OBRA PLEGABLES","publisher":{"@id":"https:\/\/www.casetasmodulares.es\/blog\/#organization"},"potentialAction":[{"@type":"SearchAction","target":{"@type":"EntryPoint","urlTemplate":"https:\/\/www.casetasmodulares.es\/blog\/?s={search_term_string}"},"query-input":{"@type":"PropertyValueSpecification","valueRequired":true,"valueName":"search_term_string"}}],"inLanguage":"es"},{"@type":"Organization","@id":"https:\/\/www.casetasmodulares.es\/blog\/#organization","name":"CASETAS MODULARES PLEGABLES","url":"https:\/\/www.casetasmodulares.es\/blog\/","logo":{"@type":"ImageObject","inLanguage":"es","@id":"https:\/\/www.casetasmodulares.es\/blog\/#\/schema\/logo\/image\/","url":"https:\/\/www.casetasmodulares.es\/blog\/wp-content\/uploads\/2022\/06\/cropped-1169557a-81a1-41c5-ab9f-3d0ce0dba575.jpg","contentUrl":"https:\/\/www.casetasmodulares.es\/blog\/wp-content\/uploads\/2022\/06\/cropped-1169557a-81a1-41c5-ab9f-3d0ce0dba575.jpg","width":512,"height":512,"caption":"CASETAS MODULARES PLEGABLES"},"image":{"@id":"https:\/\/www.casetasmodulares.es\/blog\/#\/schema\/logo\/image\/"}}]}},"_links":{"self":[{"href":"https:\/\/www.casetasmodulares.es\/blog\/index.php?rest_route=\/wp\/v2\/pages\/1157","targetHints":{"allow":["GET"]}}],"collection":[{"href":"https:\/\/www.casetasmodulares.es\/blog\/index.php?rest_route=\/wp\/v2\/pages"}],"about":[{"href":"https:\/\/www.casetasmodulares.es\/blog\/index.php?rest_route=\/wp\/v2\/types\/page"}],"author":[{"embeddable":true,"href":"https:\/\/www.casetasmodulares.es\/blog\/index.php?rest_route=\/wp\/v2\/users\/1"}],"replies":[{"embeddable":true,"href":"https:\/\/www.casetasmodulares.es\/blog\/index.php?rest_route=%2Fwp%2Fv2%2Fcomments&post=1157"}],"version-history":[{"count":3,"href":"https:\/\/www.casetasmodulares.es\/blog\/index.php?rest_route=\/wp\/v2\/pages\/1157\/revisions"}],"predecessor-version":[{"id":1618,"href":"https:\/\/www.casetasmodulares.es\/blog\/index.php?rest_route=\/wp\/v2\/pages\/1157\/revisions\/1618"}],"wp:attachment":[{"href":"https:\/\/www.casetasmodulares.es\/blog\/index.php?rest_route=%2Fwp%2Fv2%2Fmedia&parent=1157"}],"curies":[{"name":"wp","href":"https:\/\/api.w.org\/{rel}","templated":true}]}}