{"id":1269,"date":"2023-03-13T08:54:10","date_gmt":"2023-03-13T07:54:10","guid":{"rendered":"https:\/\/www.casetasmodulares.es\/blog\/?page_id=1269"},"modified":"2025-06-27T18:40:51","modified_gmt":"2025-06-27T16:40:51","slug":"politica-de-cookies","status":"publish","type":"page","link":"https:\/\/www.casetasmodulares.es\/blog\/?page_id=1269","title":{"rendered":"POL\u00cdTICA DE COOKIES"},"content":{"rendered":"\n<p>POL\u00cdTICA DE COOKIES<\/p>\n\n\n\n<p>\u00bfQU\u00c9 SON LAS COOKIES?<br>Las Cookies son archivos de datos que se almacenan en su navegador y en su equipo cuando<br>visita cualquier p\u00e1gina web. Las cookies pueden tener diversas utilidades como, por ejemplo,<br>reconocer al usuario, almacenamiento y recuperaci\u00f3n de informaci\u00f3n sobre los h\u00e1bitos de<br>navegaci\u00f3n de un usuario o personalizar la forma en que se muestra el contenido.<br>\u00bfQU\u00c9 INFORMACI\u00d3N ALMACENAN LAS COOKIES?<br>Las cookies almacenan informaci\u00f3n de car\u00e1cter t\u00e9cnico, preferencias personales,<br>personalizaci\u00f3n de contenidos. Las cookies normalmente no contienen ninguna informaci\u00f3n<br>personal.<br>Toda la informaci\u00f3n personal que puedan contener es \u00fanicamente la que el usuario haya<br>introducido en un formulario del sitio.<br>La mayor parte del tiempo, cuando una cookie contiene informaci\u00f3n personal, \u00e9sta est\u00e1<br>codificada de forma que es ilegible para cualquier tercera parte que pudiera tener acceso a su<br>archivo de cookies.<br>\u00bfQU\u00c9 TIPO DE COOKIES EXISTEN?<br>Seg\u00fan la entidad que gestione el dominio desde donde se env\u00edan las cookies y trate los datos<br>que se obtengan, se distinguen:<br>\u2022 Cookies propias: se env\u00edan al equipo terminal del usuario desde un equipo o dominio<br>gestionado por el propio editor y desde el que se presta el servicio solicitado por el usuario.<br>\u2022 Cookies de terceros: se env\u00edan al equipo terminal del usuario desde un equipo o dominio que<br>no es gestionado por el editor, sino por otra entidad que trata los datos obtenidos trav\u00e9s de<br>las cookies.<br>Seg\u00fan el plazo de tiempo que permanecen almacenadas en el navegador del usuario, se<br>distinguen:<br>\u2022 Cookies de sesi\u00f3n: recaban y almacenan datos mientras el usuario accede a una p\u00e1gina web.<br>Se suelen emplear para almacenar informaci\u00f3n que solo interesa conservar para la prestaci\u00f3n<br>del servicio solicitado por el usuario en una sola ocasi\u00f3n (por ejemplo una lista de productos<br>adquiridos).<br>\u2022 Cookies persistentes: Los datos siguen almacenados en el terminal y pueden ser accedidos y<br>tratados durante un periodo definido por el responsable de la cookie, y que puede ir de unos<br>minutos a varios a\u00f1os.<br>Seg\u00fan la finalidad para la que se traten los datos obtenidos, se distinguen las siguientes<br>cookies:<br>Cookies t\u00e9cnicas: permiten al usuario la navegaci\u00f3n a trav\u00e9s de una p\u00e1gina web, plataforma o<br>aplicaci\u00f3n y la utilizaci\u00f3n de las diferentes opciones o servicios que en ella existan como, por<br>ejemplo, controlar el tr\u00e1fico y la comunicaci\u00f3n de datos, identificar la sesi\u00f3n, acceder a partes<br>de acceso restringido, recordar los elementos que integran un pedido, realizar el proceso de<br>compra de un pedido, realizar la solicitud de inscripci\u00f3n o participaci\u00f3n en un evento, utilizar<br>elementos de seguridad durante la navegaci\u00f3n, almacenar contenidos para la difusi\u00f3n de<br>v\u00eddeos o sonido o compartir contenidos a trav\u00e9s de redes sociales.<\/p>\n\n\n\n<p>\u2022 Cookies de personalizaci\u00f3n: Permiten al usuario acceder al servicio con algunas<br>caracter\u00edsticas de car\u00e1cter general predefinidas en funci\u00f3n de una serie de criterios en el<br>terminal del usuario como por ejemplo serian el idioma, el tipo de navegador a trav\u00e9s del cual<br>accede al servicio, la configuraci\u00f3n regional desde donde accede al servicio, etc.<br>\u2022 Cookies de an\u00e1lisis: Permiten al responsable, el seguimiento y an\u00e1lisis del comportamiento<br>de los usuarios de los sitios web a los que est\u00e1n vinculadas. La informaci\u00f3n recogida mediante<br>este tipo de cookies se utiliza en la medici\u00f3n de la actividad de los sitios web, aplicaci\u00f3n o<br>plataforma y para la elaboraci\u00f3n de perfiles de navegaci\u00f3n de los usuarios de dichos sitios,<br>aplicaciones y plataformas, con el fin de introducir mejoras en funci\u00f3n del an\u00e1lisis de los datos<br>de uso que hacen los usuarios del servicio.<br>\u2022 Cookies publicitarias: Permiten la gesti\u00f3n, de la forma m\u00e1s eficaz posible, de los espacios<br>publicitarios.<br>\u2022 Cookies de publicidad comportamental: Almacenan informaci\u00f3n del comportamiento de los<br>usuarios obtenida a trav\u00e9s de la observaci\u00f3n continuada de sus h\u00e1bitos de navegaci\u00f3n, lo que<br>permite desarrollar un perfil espec\u00edfico para mostrar publicidad en funci\u00f3n del mismo.<br>\u2022 Cookies de redes sociales externas: Se utilizan para que los visitantes puedan interactuar con<br>el contenido de diferentes plataformas sociales (facebook, youtube, twitter, linkedIn, etc..) y<br>que se generen \u00fanicamente para los usuarios de dichas redes sociales. Las condiciones de<br>utilizaci\u00f3n de estas cookies y la informaci\u00f3n recopilada se regulan por la pol\u00edtica de privacidad<br>de la plataforma social correspondiente.<\/p>\n","protected":false},"excerpt":{"rendered":"<p>POL\u00cdTICA DE COOKIES \u00bfQU\u00c9 SON LAS COOKIES?Las Cookies son archivos de datos que se almacenan en su navegador y en su equipo cuandovisita cualquier p\u00e1gina web. Las cookies pueden tener diversas utilidades como, por ejemplo,reconocer al usuario, almacenamiento y recuperaci\u00f3n de informaci\u00f3n sobre los h\u00e1bitos denavegaci\u00f3n de un usuario o personalizar la forma en que [&hellip;]<\/p>\n","protected":false},"author":1,"featured_media":0,"parent":0,"menu_order":0,"comment_status":"closed","ping_status":"closed","template":"","meta":{"ocean_post_layout":"","ocean_both_sidebars_style":"","ocean_both_sidebars_content_width":0,"ocean_both_sidebars_sidebars_width":0,"ocean_sidebar":"0","ocean_second_sidebar":"0","ocean_disable_margins":"enable","ocean_add_body_class":"","ocean_shortcode_before_top_bar":"","ocean_shortcode_after_top_bar":"","ocean_shortcode_before_header":"","ocean_shortcode_after_header":"","ocean_has_shortcode":"","ocean_shortcode_after_title":"","ocean_shortcode_before_footer_widgets":"","ocean_shortcode_after_footer_widgets":"","ocean_shortcode_before_footer_bottom":"","ocean_shortcode_after_footer_bottom":"","ocean_display_top_bar":"default","ocean_display_header":"default","ocean_header_style":"","ocean_center_header_left_menu":"0","ocean_custom_header_template":"0","ocean_custom_logo":0,"ocean_custom_retina_logo":0,"ocean_custom_logo_max_width":0,"ocean_custom_logo_tablet_max_width":0,"ocean_custom_logo_mobile_max_width":0,"ocean_custom_logo_max_height":0,"ocean_custom_logo_tablet_max_height":0,"ocean_custom_logo_mobile_max_height":0,"ocean_header_custom_menu":"0","ocean_menu_typo_font_family":"0","ocean_menu_typo_font_subset":"","ocean_menu_typo_font_size":0,"ocean_menu_typo_font_size_tablet":0,"ocean_menu_typo_font_size_mobile":0,"ocean_menu_typo_font_size_unit":"px","ocean_menu_typo_font_weight":"","ocean_menu_typo_font_weight_tablet":"","ocean_menu_typo_font_weight_mobile":"","ocean_menu_typo_transform":"","ocean_menu_typo_transform_tablet":"","ocean_menu_typo_transform_mobile":"","ocean_menu_typo_line_height":0,"ocean_menu_typo_line_height_tablet":0,"ocean_menu_typo_line_height_mobile":0,"ocean_menu_typo_line_height_unit":"","ocean_menu_typo_spacing":0,"ocean_menu_typo_spacing_tablet":0,"ocean_menu_typo_spacing_mobile":0,"ocean_menu_typo_spacing_unit":"","ocean_menu_link_color":"","ocean_menu_link_color_hover":"","ocean_menu_link_color_active":"","ocean_menu_link_background":"","ocean_menu_link_hover_background":"","ocean_menu_link_active_background":"","ocean_menu_social_links_bg":"","ocean_menu_social_hover_links_bg":"","ocean_menu_social_links_color":"","ocean_menu_social_hover_links_color":"","ocean_disable_title":"default","ocean_disable_heading":"default","ocean_post_title":"","ocean_post_subheading":"","ocean_post_title_style":"","ocean_post_title_background_color":"","ocean_post_title_background":0,"ocean_post_title_bg_image_position":"","ocean_post_title_bg_image_attachment":"","ocean_post_title_bg_image_repeat":"","ocean_post_title_bg_image_size":"","ocean_post_title_height":0,"ocean_post_title_bg_overlay":0.5,"ocean_post_title_bg_overlay_color":"","ocean_disable_breadcrumbs":"default","ocean_breadcrumbs_color":"","ocean_breadcrumbs_separator_color":"","ocean_breadcrumbs_links_color":"","ocean_breadcrumbs_links_hover_color":"","ocean_display_footer_widgets":"default","ocean_display_footer_bottom":"default","ocean_custom_footer_template":"0","footnotes":""},"class_list":["post-1269","page","type-page","status-publish","hentry","entry","owp-thumbs-layout-horizontal","owp-btn-normal","owp-tabs-layout-horizontal","has-no-thumbnails","has-product-nav"],"yoast_head":"<!-- This site is optimized with the Yoast SEO plugin v26.8 - https:\/\/yoast.com\/product\/yoast-seo-wordpress\/ -->\n<title>POL\u00cdTICA DE COOKIES - CASETAS MODULARES PLEGABLES<\/title>\n<meta name=\"robots\" content=\"noindex, follow\" \/>\n<meta property=\"og:locale\" content=\"es_ES\" \/>\n<meta property=\"og:type\" content=\"article\" \/>\n<meta property=\"og:title\" content=\"POL\u00cdTICA DE COOKIES - CASETAS MODULARES PLEGABLES\" \/>\n<meta property=\"og:description\" content=\"POL\u00cdTICA DE COOKIES \u00bfQU\u00c9 SON LAS COOKIES?Las Cookies son archivos de datos que se almacenan en su navegador y en su equipo cuandovisita cualquier p\u00e1gina web. Las cookies pueden tener diversas utilidades como, por ejemplo,reconocer al usuario, almacenamiento y recuperaci\u00f3n de informaci\u00f3n sobre los h\u00e1bitos denavegaci\u00f3n de un usuario o personalizar la forma en que [&hellip;]\" \/>\n<meta property=\"og:url\" content=\"https:\/\/www.casetasmodulares.es\/blog\/?page_id=1269\" \/>\n<meta property=\"og:site_name\" content=\"CASETAS MODULARES PLEGABLES\" \/>\n<meta property=\"article:modified_time\" content=\"2025-06-27T16:40:51+00:00\" \/>\n<meta name=\"twitter:card\" content=\"summary_large_image\" \/>\n<meta name=\"twitter:label1\" content=\"Tiempo de lectura\" \/>\n\t<meta name=\"twitter:data1\" content=\"4 minutos\" \/>\n<script type=\"application\/ld+json\" class=\"yoast-schema-graph\">{\"@context\":\"https:\/\/schema.org\",\"@graph\":[{\"@type\":\"WebPage\",\"@id\":\"https:\/\/www.casetasmodulares.es\/blog\/?page_id=1269\",\"url\":\"https:\/\/www.casetasmodulares.es\/blog\/?page_id=1269\",\"name\":\"POL\u00cdTICA DE COOKIES - CASETAS MODULARES PLEGABLES\",\"isPartOf\":{\"@id\":\"https:\/\/www.casetasmodulares.es\/blog\/#website\"},\"datePublished\":\"2023-03-13T07:54:10+00:00\",\"dateModified\":\"2025-06-27T16:40:51+00:00\",\"breadcrumb\":{\"@id\":\"https:\/\/www.casetasmodulares.es\/blog\/?page_id=1269#breadcrumb\"},\"inLanguage\":\"es\",\"potentialAction\":[{\"@type\":\"ReadAction\",\"target\":[\"https:\/\/www.casetasmodulares.es\/blog\/?page_id=1269\"]}]},{\"@type\":\"BreadcrumbList\",\"@id\":\"https:\/\/www.casetasmodulares.es\/blog\/?page_id=1269#breadcrumb\",\"itemListElement\":[{\"@type\":\"ListItem\",\"position\":1,\"name\":\"Portada\",\"item\":\"https:\/\/www.casetasmodulares.es\/blog\/\"},{\"@type\":\"ListItem\",\"position\":2,\"name\":\"POL\u00cdTICA DE COOKIES\"}]},{\"@type\":\"WebSite\",\"@id\":\"https:\/\/www.casetasmodulares.es\/blog\/#website\",\"url\":\"https:\/\/www.casetasmodulares.es\/blog\/\",\"name\":\"CASETAS MODULARES PLEGABLES\",\"description\":\"CASETAS DE OBRA PLEGABLES\",\"publisher\":{\"@id\":\"https:\/\/www.casetasmodulares.es\/blog\/#organization\"},\"potentialAction\":[{\"@type\":\"SearchAction\",\"target\":{\"@type\":\"EntryPoint\",\"urlTemplate\":\"https:\/\/www.casetasmodulares.es\/blog\/?s={search_term_string}\"},\"query-input\":{\"@type\":\"PropertyValueSpecification\",\"valueRequired\":true,\"valueName\":\"search_term_string\"}}],\"inLanguage\":\"es\"},{\"@type\":\"Organization\",\"@id\":\"https:\/\/www.casetasmodulares.es\/blog\/#organization\",\"name\":\"CASETAS MODULARES PLEGABLES\",\"url\":\"https:\/\/www.casetasmodulares.es\/blog\/\",\"logo\":{\"@type\":\"ImageObject\",\"inLanguage\":\"es\",\"@id\":\"https:\/\/www.casetasmodulares.es\/blog\/#\/schema\/logo\/image\/\",\"url\":\"https:\/\/www.casetasmodulares.es\/blog\/wp-content\/uploads\/2022\/06\/cropped-1169557a-81a1-41c5-ab9f-3d0ce0dba575.jpg\",\"contentUrl\":\"https:\/\/www.casetasmodulares.es\/blog\/wp-content\/uploads\/2022\/06\/cropped-1169557a-81a1-41c5-ab9f-3d0ce0dba575.jpg\",\"width\":512,\"height\":512,\"caption\":\"CASETAS MODULARES PLEGABLES\"},\"image\":{\"@id\":\"https:\/\/www.casetasmodulares.es\/blog\/#\/schema\/logo\/image\/\"}}]}<\/script>\n<!-- \/ Yoast SEO plugin. -->","yoast_head_json":{"title":"POL\u00cdTICA DE COOKIES - CASETAS MODULARES PLEGABLES","robots":{"index":"noindex","follow":"follow"},"og_locale":"es_ES","og_type":"article","og_title":"POL\u00cdTICA DE COOKIES - CASETAS MODULARES PLEGABLES","og_description":"POL\u00cdTICA DE COOKIES \u00bfQU\u00c9 SON LAS COOKIES?Las Cookies son archivos de datos que se almacenan en su navegador y en su equipo cuandovisita cualquier p\u00e1gina web. Las cookies pueden tener diversas utilidades como, por ejemplo,reconocer al usuario, almacenamiento y recuperaci\u00f3n de informaci\u00f3n sobre los h\u00e1bitos denavegaci\u00f3n de un usuario o personalizar la forma en que [&hellip;]","og_url":"https:\/\/www.casetasmodulares.es\/blog\/?page_id=1269","og_site_name":"CASETAS MODULARES PLEGABLES","article_modified_time":"2025-06-27T16:40:51+00:00","twitter_card":"summary_large_image","twitter_misc":{"Tiempo de lectura":"4 minutos"},"schema":{"@context":"https:\/\/schema.org","@graph":[{"@type":"WebPage","@id":"https:\/\/www.casetasmodulares.es\/blog\/?page_id=1269","url":"https:\/\/www.casetasmodulares.es\/blog\/?page_id=1269","name":"POL\u00cdTICA DE COOKIES - CASETAS MODULARES PLEGABLES","isPartOf":{"@id":"https:\/\/www.casetasmodulares.es\/blog\/#website"},"datePublished":"2023-03-13T07:54:10+00:00","dateModified":"2025-06-27T16:40:51+00:00","breadcrumb":{"@id":"https:\/\/www.casetasmodulares.es\/blog\/?page_id=1269#breadcrumb"},"inLanguage":"es","potentialAction":[{"@type":"ReadAction","target":["https:\/\/www.casetasmodulares.es\/blog\/?page_id=1269"]}]},{"@type":"BreadcrumbList","@id":"https:\/\/www.casetasmodulares.es\/blog\/?page_id=1269#breadcrumb","itemListElement":[{"@type":"ListItem","position":1,"name":"Portada","item":"https:\/\/www.casetasmodulares.es\/blog\/"},{"@type":"ListItem","position":2,"name":"POL\u00cdTICA DE COOKIES"}]},{"@type":"WebSite","@id":"https:\/\/www.casetasmodulares.es\/blog\/#website","url":"https:\/\/www.casetasmodulares.es\/blog\/","name":"CASETAS MODULARES PLEGABLES","description":"CASETAS DE OBRA PLEGABLES","publisher":{"@id":"https:\/\/www.casetasmodulares.es\/blog\/#organization"},"potentialAction":[{"@type":"SearchAction","target":{"@type":"EntryPoint","urlTemplate":"https:\/\/www.casetasmodulares.es\/blog\/?s={search_term_string}"},"query-input":{"@type":"PropertyValueSpecification","valueRequired":true,"valueName":"search_term_string"}}],"inLanguage":"es"},{"@type":"Organization","@id":"https:\/\/www.casetasmodulares.es\/blog\/#organization","name":"CASETAS MODULARES PLEGABLES","url":"https:\/\/www.casetasmodulares.es\/blog\/","logo":{"@type":"ImageObject","inLanguage":"es","@id":"https:\/\/www.casetasmodulares.es\/blog\/#\/schema\/logo\/image\/","url":"https:\/\/www.casetasmodulares.es\/blog\/wp-content\/uploads\/2022\/06\/cropped-1169557a-81a1-41c5-ab9f-3d0ce0dba575.jpg","contentUrl":"https:\/\/www.casetasmodulares.es\/blog\/wp-content\/uploads\/2022\/06\/cropped-1169557a-81a1-41c5-ab9f-3d0ce0dba575.jpg","width":512,"height":512,"caption":"CASETAS MODULARES PLEGABLES"},"image":{"@id":"https:\/\/www.casetasmodulares.es\/blog\/#\/schema\/logo\/image\/"}}]}},"_links":{"self":[{"href":"https:\/\/www.casetasmodulares.es\/blog\/index.php?rest_route=\/wp\/v2\/pages\/1269","targetHints":{"allow":["GET"]}}],"collection":[{"href":"https:\/\/www.casetasmodulares.es\/blog\/index.php?rest_route=\/wp\/v2\/pages"}],"about":[{"href":"https:\/\/www.casetasmodulares.es\/blog\/index.php?rest_route=\/wp\/v2\/types\/page"}],"author":[{"embeddable":true,"href":"https:\/\/www.casetasmodulares.es\/blog\/index.php?rest_route=\/wp\/v2\/users\/1"}],"replies":[{"embeddable":true,"href":"https:\/\/www.casetasmodulares.es\/blog\/index.php?rest_route=%2Fwp%2Fv2%2Fcomments&post=1269"}],"version-history":[{"count":1,"href":"https:\/\/www.casetasmodulares.es\/blog\/index.php?rest_route=\/wp\/v2\/pages\/1269\/revisions"}],"predecessor-version":[{"id":1270,"href":"https:\/\/www.casetasmodulares.es\/blog\/index.php?rest_route=\/wp\/v2\/pages\/1269\/revisions\/1270"}],"wp:attachment":[{"href":"https:\/\/www.casetasmodulares.es\/blog\/index.php?rest_route=%2Fwp%2Fv2%2Fmedia&parent=1269"}],"curies":[{"name":"wp","href":"https:\/\/api.w.org\/{rel}","templated":true}]}}